{"id":20,"date":"2020-03-20T15:41:42","date_gmt":"2020-03-20T14:41:42","guid":{"rendered":"http:\/\/chloro-fil.fr\/New20\/lesnidsdechlorofil\/?page_id=20"},"modified":"2025-10-23T15:38:54","modified_gmt":"2025-10-23T13:38:54","slug":"aux-alentours","status":"publish","type":"page","link":"https:\/\/chloro-fil.fr\/lesnidsdechlorofil\/aux-alentours\/","title":{"rendered":"AUX ALENTOURS"},"content":{"rendered":"\t\t<div data-elementor-type=\"wp-page\" data-elementor-id=\"20\" class=\"elementor elementor-20\" data-elementor-post-type=\"page\">\n\t\t\t\t\t\t<section class=\"elementor-section elementor-top-section elementor-element elementor-element-e3d81f8 elementor-section-stretched elementor-section-boxed elementor-section-height-default elementor-section-height-default\" data-id=\"e3d81f8\" data-element_type=\"section\" data-settings=\"{&quot;stretch_section&quot;:&quot;section-stretched&quot;,&quot;background_background&quot;:&quot;classic&quot;,&quot;background_motion_fx_motion_fx_scrolling&quot;:&quot;yes&quot;,&quot;background_motion_fx_translateY_effect&quot;:&quot;yes&quot;,&quot;background_motion_fx_translateY_speed&quot;:{&quot;unit&quot;:&quot;px&quot;,&quot;size&quot;:6,&quot;sizes&quot;:[]},&quot;background_motion_fx_translateY_affectedRange&quot;:{&quot;unit&quot;:&quot;%&quot;,&quot;size&quot;:&quot;&quot;,&quot;sizes&quot;:{&quot;start&quot;:0,&quot;end&quot;:100}},&quot;background_motion_fx_devices&quot;:[&quot;desktop&quot;,&quot;tablet&quot;,&quot;mobile&quot;]}\">\n\t\t\t\t\t\t\t<div class=\"elementor-background-overlay\"><\/div>\n\t\t\t\t\t\t\t<div class=\"elementor-container elementor-column-gap-default\">\n\t\t\t\t\t<div class=\"elementor-column elementor-col-100 elementor-top-column elementor-element elementor-element-ee70fac\" data-id=\"ee70fac\" data-element_type=\"column\">\n\t\t\t<div class=\"elementor-widget-wrap elementor-element-populated\">\n\t\t\t\t\t\t<div class=\"elementor-element elementor-element-13ac503 elementor-widget elementor-widget-heading\" data-id=\"13ac503\" data-element_type=\"widget\" data-widget_type=\"heading.default\">\n\t\t\t\t<div class=\"elementor-widget-container\">\n\t\t\t\t\t<h1 class=\"elementor-heading-title elementor-size-default\">chlorofil exp\u00e9rience<\/h1>\t\t\t\t<\/div>\n\t\t\t\t<\/div>\n\t\t\t\t\t<\/div>\n\t\t<\/div>\n\t\t\t\t\t<\/div>\n\t\t<\/section>\n\t\t\t\t<section class=\"elementor-section elementor-top-section elementor-element elementor-element-df3c6e4 elementor-section-stretched elementor-section-boxed elementor-section-height-default elementor-section-height-default\" data-id=\"df3c6e4\" data-element_type=\"section\" data-settings=\"{&quot;stretch_section&quot;:&quot;section-stretched&quot;}\">\n\t\t\t\t\t\t<div class=\"elementor-container elementor-column-gap-default\">\n\t\t\t\t\t<div class=\"elementor-column elementor-col-100 elementor-top-column elementor-element elementor-element-3117c80\" data-id=\"3117c80\" data-element_type=\"column\">\n\t\t\t<div class=\"elementor-widget-wrap elementor-element-populated\">\n\t\t\t\t\t\t<div class=\"elementor-element elementor-element-6343c11 text-p elementor-widget elementor-widget-text-editor\" data-id=\"6343c11\" data-element_type=\"widget\" data-widget_type=\"text-editor.default\">\n\t\t\t\t<div class=\"elementor-widget-container\">\n\t\t\t\t\t\t\t\t\t<p><strong>Chloro Fil<\/strong>, la parcours branch\u00e9 est un parc accrobranche situ\u00e9 en plein c\u0153ur de la for\u00eat de Phalempin, dans un milieu 100% naturel et \u00e0 20 min de Lille, Lens et Douai. Le parc est accessible \u00e0 partir de 2 ans et demi. Il est situ\u00e9 \u00e0 c\u00f4t\u00e9 de nos cabanes. Il est compos\u00e9 de nombreux parcours adapt\u00e9s \u00e0 tous et \u00e0 toutes.\u00a0<\/p>\t\t\t\t\t\t\t\t<\/div>\n\t\t\t\t<\/div>\n\t\t\t\t<div class=\"elementor-element elementor-element-058b933 elementor-widget elementor-widget-text-editor\" data-id=\"058b933\" data-element_type=\"widget\" data-widget_type=\"text-editor.default\">\n\t\t\t\t<div class=\"elementor-widget-container\">\n\t\t\t\t\t\t\t\t\t<p>D\u00e9couvrez nos <span style=\"color: #9b4725;\"><strong>190<\/strong><\/span> ateliers !<\/p>\t\t\t\t\t\t\t\t<\/div>\n\t\t\t\t<\/div>\n\t\t\t\t\t<\/div>\n\t\t<\/div>\n\t\t\t\t\t<\/div>\n\t\t<\/section>\n\t\t\t\t<section class=\"elementor-section elementor-top-section elementor-element elementor-element-acaa629 elementor-section-stretched elementor-section-boxed elementor-section-height-default elementor-section-height-default\" data-id=\"acaa629\" data-element_type=\"section\" data-settings=\"{&quot;stretch_section&quot;:&quot;section-stretched&quot;,&quot;background_background&quot;:&quot;classic&quot;}\">\n\t\t\t\t\t\t\t<div class=\"elementor-background-overlay\"><\/div>\n\t\t\t\t\t\t\t<div class=\"elementor-container elementor-column-gap-default\">\n\t\t\t\t\t<div class=\"elementor-column elementor-col-100 elementor-top-column elementor-element elementor-element-18d4c50\" data-id=\"18d4c50\" data-element_type=\"column\">\n\t\t\t<div class=\"elementor-widget-wrap elementor-element-populated\">\n\t\t\t\t\t\t<section class=\"elementor-section elementor-inner-section elementor-element elementor-element-f74f599 elementor-section-boxed elementor-section-height-default elementor-section-height-default\" data-id=\"f74f599\" data-element_type=\"section\">\n\t\t\t\t\t\t<div class=\"elementor-container elementor-column-gap-default\">\n\t\t\t\t\t<div class=\"elementor-column elementor-col-20 elementor-inner-column elementor-element elementor-element-e403797 animated-slow elementor-invisible\" data-id=\"e403797\" data-element_type=\"column\" data-settings=\"{&quot;animation&quot;:&quot;zoomIn&quot;,&quot;animation_delay&quot;:400}\">\n\t\t\t<div class=\"elementor-widget-wrap elementor-element-populated\">\n\t\t\t\t\t\t<div class=\"elementor-element elementor-element-4392830 elementor-widget elementor-widget-heading\" data-id=\"4392830\" data-element_type=\"widget\" data-widget_type=\"heading.default\">\n\t\t\t\t<div class=\"elementor-widget-container\">\n\t\t\t\t\t<p class=\"elementor-heading-title elementor-size-default\">1<\/p>\t\t\t\t<\/div>\n\t\t\t\t<\/div>\n\t\t\t\t<div class=\"elementor-element elementor-element-10c20cf elementor-widget elementor-widget-heading\" data-id=\"10c20cf\" data-element_type=\"widget\" data-widget_type=\"heading.default\">\n\t\t\t\t<div class=\"elementor-widget-container\">\n\t\t\t\t\t<p class=\"elementor-heading-title elementor-size-default\">parcours<br> Baby<\/p>\t\t\t\t<\/div>\n\t\t\t\t<\/div>\n\t\t\t\t\t<\/div>\n\t\t<\/div>\n\t\t\t\t<div class=\"elementor-column elementor-col-20 elementor-inner-column elementor-element elementor-element-aab8e5c animated-slow elementor-invisible\" data-id=\"aab8e5c\" data-element_type=\"column\" data-settings=\"{&quot;animation&quot;:&quot;zoomIn&quot;,&quot;animation_delay&quot;:400}\">\n\t\t\t<div class=\"elementor-widget-wrap elementor-element-populated\">\n\t\t\t\t\t\t<div class=\"elementor-element elementor-element-8698430 elementor-widget elementor-widget-heading\" data-id=\"8698430\" data-element_type=\"widget\" data-widget_type=\"heading.default\">\n\t\t\t\t<div class=\"elementor-widget-container\">\n\t\t\t\t\t<p class=\"elementor-heading-title elementor-size-default\">2<\/p>\t\t\t\t<\/div>\n\t\t\t\t<\/div>\n\t\t\t\t<div class=\"elementor-element elementor-element-b711304 elementor-widget elementor-widget-heading\" data-id=\"b711304\" data-element_type=\"widget\" data-widget_type=\"heading.default\">\n\t\t\t\t<div class=\"elementor-widget-container\">\n\t\t\t\t\t<p class=\"elementor-heading-title elementor-size-default\">parcours <br>Enfant<\/p>\t\t\t\t<\/div>\n\t\t\t\t<\/div>\n\t\t\t\t\t<\/div>\n\t\t<\/div>\n\t\t\t\t<div class=\"elementor-column elementor-col-20 elementor-inner-column elementor-element elementor-element-60e9013 animated-slow elementor-invisible\" data-id=\"60e9013\" data-element_type=\"column\" data-settings=\"{&quot;animation&quot;:&quot;zoomIn&quot;,&quot;animation_delay&quot;:400}\">\n\t\t\t<div class=\"elementor-widget-wrap elementor-element-populated\">\n\t\t\t\t\t\t<div class=\"elementor-element elementor-element-b528088 elementor-widget elementor-widget-heading\" data-id=\"b528088\" data-element_type=\"widget\" data-widget_type=\"heading.default\">\n\t\t\t\t<div class=\"elementor-widget-container\">\n\t\t\t\t\t<p class=\"elementor-heading-title elementor-size-default\">4<\/p>\t\t\t\t<\/div>\n\t\t\t\t<\/div>\n\t\t\t\t<div class=\"elementor-element elementor-element-dbccad2 elementor-widget elementor-widget-heading\" data-id=\"dbccad2\" data-element_type=\"widget\" data-widget_type=\"heading.default\">\n\t\t\t\t<div class=\"elementor-widget-container\">\n\t\t\t\t\t<p class=\"elementor-heading-title elementor-size-default\">parcours<br> D\u00e9couvertes<\/p>\t\t\t\t<\/div>\n\t\t\t\t<\/div>\n\t\t\t\t\t<\/div>\n\t\t<\/div>\n\t\t\t\t<div class=\"elementor-column elementor-col-20 elementor-inner-column elementor-element elementor-element-3f9058a animated-slow elementor-invisible\" data-id=\"3f9058a\" data-element_type=\"column\" data-settings=\"{&quot;animation&quot;:&quot;zoomIn&quot;,&quot;animation_delay&quot;:400}\">\n\t\t\t<div class=\"elementor-widget-wrap elementor-element-populated\">\n\t\t\t\t\t\t<div class=\"elementor-element elementor-element-85fbf5b elementor-widget elementor-widget-heading\" data-id=\"85fbf5b\" data-element_type=\"widget\" data-widget_type=\"heading.default\">\n\t\t\t\t<div class=\"elementor-widget-container\">\n\t\t\t\t\t<p class=\"elementor-heading-title elementor-size-default\">8<\/p>\t\t\t\t<\/div>\n\t\t\t\t<\/div>\n\t\t\t\t<div class=\"elementor-element elementor-element-9c5026c elementor-widget elementor-widget-heading\" data-id=\"9c5026c\" data-element_type=\"widget\" data-widget_type=\"heading.default\">\n\t\t\t\t<div class=\"elementor-widget-container\">\n\t\t\t\t\t<p class=\"elementor-heading-title elementor-size-default\">parcours<br> Adultes<\/p>\t\t\t\t<\/div>\n\t\t\t\t<\/div>\n\t\t\t\t\t<\/div>\n\t\t<\/div>\n\t\t\t\t<div class=\"elementor-column elementor-col-20 elementor-inner-column elementor-element elementor-element-4db215a animated-slow elementor-invisible\" data-id=\"4db215a\" data-element_type=\"column\" data-settings=\"{&quot;animation&quot;:&quot;zoomIn&quot;,&quot;animation_delay&quot;:600}\">\n\t\t\t<div class=\"elementor-widget-wrap elementor-element-populated\">\n\t\t\t\t\t\t<div class=\"elementor-element elementor-element-17acb1d elementor-widget elementor-widget-heading\" data-id=\"17acb1d\" data-element_type=\"widget\" data-widget_type=\"heading.default\">\n\t\t\t\t<div class=\"elementor-widget-container\">\n\t\t\t\t\t<p class=\"elementor-heading-title elementor-size-default\">1<\/p>\t\t\t\t<\/div>\n\t\t\t\t<\/div>\n\t\t\t\t<div class=\"elementor-element elementor-element-aeff70a elementor-widget elementor-widget-heading\" data-id=\"aeff70a\" data-element_type=\"widget\" data-widget_type=\"heading.default\">\n\t\t\t\t<div class=\"elementor-widget-container\">\n\t\t\t\t\t<p class=\"elementor-heading-title elementor-size-default\">parcours <br>Tyroliennes<\/p>\t\t\t\t<\/div>\n\t\t\t\t<\/div>\n\t\t\t\t\t<\/div>\n\t\t<\/div>\n\t\t\t\t\t<\/div>\n\t\t<\/section>\n\t\t\t\t\t<\/div>\n\t\t<\/div>\n\t\t\t\t\t<\/div>\n\t\t<\/section>\n\t\t\t\t<section class=\"elementor-section elementor-top-section elementor-element elementor-element-cc963e1 elementor-section-stretched elementor-section-boxed elementor-section-height-default elementor-section-height-default\" data-id=\"cc963e1\" data-element_type=\"section\" data-settings=\"{&quot;stretch_section&quot;:&quot;section-stretched&quot;}\">\n\t\t\t\t\t\t<div class=\"elementor-container elementor-column-gap-default\">\n\t\t\t\t\t<div class=\"elementor-column elementor-col-100 elementor-top-column elementor-element elementor-element-ba4f047\" data-id=\"ba4f047\" data-element_type=\"column\">\n\t\t\t<div class=\"elementor-widget-wrap elementor-element-populated\">\n\t\t\t\t\t\t<div class=\"elementor-element elementor-element-9cbc19d text-p elementor-widget elementor-widget-text-editor\" data-id=\"9cbc19d\" data-element_type=\"widget\" data-widget_type=\"text-editor.default\">\n\t\t\t\t<div class=\"elementor-widget-container\">\n\t\t\t\t\t\t\t\t\t<p>Dans nos cabanes dans les arbres, vous pouvez d\u00e9guster un repas froid sur la terrasse a\u00e9rienne. Il est impossible de cuisiner dans les cabanes dans les arbres, pour des raisons \u00e9videntes de s\u00e9curit\u00e9. La cabane n\u2019est pas \u00e9quip\u00e9e de point chaud (plaque de cuisson, four, barbecue). Les Nids de Chlorofil vous conseillent sur les \u00e9tablissements \u00e0 proximit\u00e9 du parc o\u00f9 vous pourrez aller d\u00eener.<\/p>\t\t\t\t\t\t\t\t<\/div>\n\t\t\t\t<\/div>\n\t\t\t\t\t<\/div>\n\t\t<\/div>\n\t\t\t\t\t<\/div>\n\t\t<\/section>\n\t\t\t\t<section class=\"elementor-section elementor-top-section elementor-element elementor-element-a3d3a78 elementor-section-stretched elementor-section-boxed elementor-section-height-default elementor-section-height-default\" data-id=\"a3d3a78\" data-element_type=\"section\" data-settings=\"{&quot;stretch_section&quot;:&quot;section-stretched&quot;,&quot;background_background&quot;:&quot;classic&quot;,&quot;background_motion_fx_motion_fx_scrolling&quot;:&quot;yes&quot;,&quot;background_motion_fx_translateY_effect&quot;:&quot;yes&quot;,&quot;background_motion_fx_translateY_speed&quot;:{&quot;unit&quot;:&quot;px&quot;,&quot;size&quot;:6,&quot;sizes&quot;:[]},&quot;background_motion_fx_translateY_affectedRange&quot;:{&quot;unit&quot;:&quot;%&quot;,&quot;size&quot;:&quot;&quot;,&quot;sizes&quot;:{&quot;start&quot;:0,&quot;end&quot;:100}},&quot;background_motion_fx_devices&quot;:[&quot;desktop&quot;,&quot;tablet&quot;,&quot;mobile&quot;]}\">\n\t\t\t\t\t\t\t<div class=\"elementor-background-overlay\"><\/div>\n\t\t\t\t\t\t\t<div class=\"elementor-container elementor-column-gap-default\">\n\t\t\t\t\t<div class=\"elementor-column elementor-col-100 elementor-top-column elementor-element elementor-element-98041bb\" data-id=\"98041bb\" data-element_type=\"column\">\n\t\t\t<div class=\"elementor-widget-wrap elementor-element-populated\">\n\t\t\t\t\t\t<div class=\"elementor-element elementor-element-c12f2df elementor-widget elementor-widget-heading\" data-id=\"c12f2df\" data-element_type=\"widget\" data-widget_type=\"heading.default\">\n\t\t\t\t<div class=\"elementor-widget-container\">\n\t\t\t\t\t<h1 class=\"elementor-heading-title elementor-size-default\">AUX ALENTOURS<\/h1>\t\t\t\t<\/div>\n\t\t\t\t<\/div>\n\t\t\t\t\t<\/div>\n\t\t<\/div>\n\t\t\t\t\t<\/div>\n\t\t<\/section>\n\t\t\t\t<section class=\"elementor-section elementor-top-section elementor-element elementor-element-1eed538 elementor-section-stretched elementor-section-content-middle elementor-section-boxed elementor-section-height-default elementor-section-height-default\" data-id=\"1eed538\" data-element_type=\"section\" data-settings=\"{&quot;stretch_section&quot;:&quot;section-stretched&quot;}\">\n\t\t\t\t\t\t\t<div class=\"elementor-background-overlay\"><\/div>\n\t\t\t\t\t\t\t<div class=\"elementor-container elementor-column-gap-default\">\n\t\t\t\t\t<div class=\"elementor-column elementor-col-100 elementor-top-column elementor-element elementor-element-d3f5c8d\" data-id=\"d3f5c8d\" data-element_type=\"column\">\n\t\t\t<div class=\"elementor-widget-wrap elementor-element-populated\">\n\t\t\t\t\t\t<section class=\"elementor-section elementor-inner-section elementor-element elementor-element-56f7479 elementor-section-boxed elementor-section-height-default elementor-section-height-default\" data-id=\"56f7479\" data-element_type=\"section\">\n\t\t\t\t\t\t<div class=\"elementor-container elementor-column-gap-default\">\n\t\t\t\t\t<div class=\"elementor-column elementor-col-100 elementor-inner-column elementor-element elementor-element-af218e5\" data-id=\"af218e5\" data-element_type=\"column\">\n\t\t\t<div class=\"elementor-widget-wrap elementor-element-populated\">\n\t\t\t\t\t\t<div class=\"elementor-element elementor-element-114846a elementor-widget elementor-widget-accordion\" data-id=\"114846a\" data-element_type=\"widget\" data-widget_type=\"accordion.default\">\n\t\t\t\t<div class=\"elementor-widget-container\">\n\t\t\t\t\t\t\t<div class=\"elementor-accordion\">\n\t\t\t\t\t\t\t<div class=\"elementor-accordion-item\">\n\t\t\t\t\t<h2 id=\"elementor-tab-title-1811\" class=\"elementor-tab-title\" data-tab=\"1\" role=\"button\" aria-controls=\"elementor-tab-content-1811\" aria-expanded=\"false\">\n\t\t\t\t\t\t\t\t\t\t\t\t\t<span class=\"elementor-accordion-icon elementor-accordion-icon-left\" aria-hidden=\"true\">\n\t\t\t\t\t\t\t\t\t\t\t\t\t\t\t<span class=\"elementor-accordion-icon-closed\"><i class=\"fas fa-plus\"><\/i><\/span>\n\t\t\t\t\t\t\t\t<span class=\"elementor-accordion-icon-opened\"><i class=\"fas fa-minus\"><\/i><\/span>\n\t\t\t\t\t\t\t\t\t\t\t\t\t\t<\/span>\n\t\t\t\t\t\t\t\t\t\t\t\t<a class=\"elementor-accordion-title\" tabindex=\"0\">Randonn\u00e9es<\/a>\n\t\t\t\t\t<\/h2>\n\t\t\t\t\t<div id=\"elementor-tab-content-1811\" class=\"elementor-tab-content elementor-clearfix\" data-tab=\"1\" role=\"region\" aria-labelledby=\"elementor-tab-title-1811\"><p><strong>\u00ab Circuit \u00e0 l\u2019or\u00e9e des bois \u00bb<\/strong>, La Neuville<br \/>5km &#8211; 1h30<\/p><p><strong>\u00ab Circuit de phalempin \u00bb<\/strong>, Phalempin<br \/>7km &#8211; 2h20<\/p><p><strong>\u00ab RandoFamili &#8211; Le site ornithologique des 5 tailles &#8211; Les h\u00e9ritiers de la betterave \u00bb<\/strong>, Thumeries<br \/>3,5 km &#8211; 1h10<\/p><p><a href=\"https:\/\/www.visorando.com\/randonnee-phalempin.html?fbclid=IwAR3im6V1CPD71Nc0KtZy4nDDZDI6ViAtcFUNpx33tWWhNTLVVNVDqwy2IZ8\" target=\"_blank\" rel=\"noopener\"><strong>DECOUVRIR PLUS DE RANDONNEES<\/strong><\/a><\/p><\/div>\n\t\t\t\t<\/div>\n\t\t\t\t\t\t\t<div class=\"elementor-accordion-item\">\n\t\t\t\t\t<h2 id=\"elementor-tab-title-1812\" class=\"elementor-tab-title\" data-tab=\"2\" role=\"button\" aria-controls=\"elementor-tab-content-1812\" aria-expanded=\"false\">\n\t\t\t\t\t\t\t\t\t\t\t\t\t<span class=\"elementor-accordion-icon elementor-accordion-icon-left\" aria-hidden=\"true\">\n\t\t\t\t\t\t\t\t\t\t\t\t\t\t\t<span class=\"elementor-accordion-icon-closed\"><i class=\"fas fa-plus\"><\/i><\/span>\n\t\t\t\t\t\t\t\t<span class=\"elementor-accordion-icon-opened\"><i class=\"fas fa-minus\"><\/i><\/span>\n\t\t\t\t\t\t\t\t\t\t\t\t\t\t<\/span>\n\t\t\t\t\t\t\t\t\t\t\t\t<a class=\"elementor-accordion-title\" tabindex=\"0\">RESTAURANTS<\/a>\n\t\t\t\t\t<\/h2>\n\t\t\t\t\t<div id=\"elementor-tab-content-1812\" class=\"elementor-tab-content elementor-clearfix\" data-tab=\"2\" role=\"region\" aria-labelledby=\"elementor-tab-title-1812\"><p><b>L\u2019\u00e9cole<\/b><br \/><em>Le coup de coeur des Nids<\/em><br \/>16 rue Jean-Baptiste Lebas<br \/>59133 Phalempin<br \/>03 20 97 14 79<br \/><a href=\"https:\/\/www.facebook.com\/Estaminet-LEcole-185313131521561\/\">D\u00e9couvrir le site<\/a><\/p><p><b>Le Leu Pindu <\/b><br \/>1 Rue du G\u00e9n\u00e9ral de Gaulle<br \/>59239 La Neuville<br \/>06 47 71 91 41<br \/><a href=\"https:\/\/www.le-leu-pindu.fr\/\" target=\"_blank\" rel=\"noopener\">D\u00e9couvrir le site<\/a><\/p><p><b>Le Grill <\/b><br \/>86 Hameau du Roseau<br \/>59710 Avelin<br \/>03 20 34 55 57<br \/><a href=\"https:\/\/www.legrill.net\/\" target=\"_blank\" rel=\"noopener\">D\u00e9couvrir le site<\/a><\/p><p><b>L\u2019Essentiel <\/b><br \/>19 Rue de la Neuville<br \/>59551 Attiches<br \/>03 20 90 06 97<br \/><a href=\"http:\/\/www.essentiel-restaurant.fr\/\" target=\"_blank\" rel=\"noopener\">D\u00e9couvrir le site<\/a><\/p><p><b>Auberge du Montfaucon <\/b><br \/>11 Rue du Moulin<br \/>59551 Attiches<br \/>03 20 32 14 71<br \/><a href=\"https:\/\/www.facebook.com\/pages\/category\/Restaurant\/L-auberge-de-Montfaucon-1944397352447432\/\" target=\"_blank\" rel=\"noopener\">D\u00e9couvrir le site<\/a><\/p><\/div>\n\t\t\t\t<\/div>\n\t\t\t\t\t\t\t<div class=\"elementor-accordion-item\">\n\t\t\t\t\t<h2 id=\"elementor-tab-title-1813\" class=\"elementor-tab-title\" data-tab=\"3\" role=\"button\" aria-controls=\"elementor-tab-content-1813\" aria-expanded=\"false\">\n\t\t\t\t\t\t\t\t\t\t\t\t\t<span class=\"elementor-accordion-icon elementor-accordion-icon-left\" aria-hidden=\"true\">\n\t\t\t\t\t\t\t\t\t\t\t\t\t\t\t<span class=\"elementor-accordion-icon-closed\"><i class=\"fas fa-plus\"><\/i><\/span>\n\t\t\t\t\t\t\t\t<span class=\"elementor-accordion-icon-opened\"><i class=\"fas fa-minus\"><\/i><\/span>\n\t\t\t\t\t\t\t\t\t\t\t\t\t\t<\/span>\n\t\t\t\t\t\t\t\t\t\t\t\t<a class=\"elementor-accordion-title\" tabindex=\"0\">Activit\u00e9s<\/a>\n\t\t\t\t\t<\/h2>\n\t\t\t\t\t<div id=\"elementor-tab-content-1813\" class=\"elementor-tab-content elementor-clearfix\" data-tab=\"3\" role=\"region\" aria-labelledby=\"elementor-tab-title-1813\"><p><b>Accrobranche<\/b><br \/>2 Rue du G\u00e9n\u00e9ral de Gaulle<br \/>59239 La Neuville<br \/><a href=\"https:\/\/www.google.com\/search?q=chrolofil+accrobranche&amp;sca_esv=634e2b4d7db2b0af&amp;sca_upv=1&amp;sxsrf=ACQVn090MqeJga94X6tIV3uAn6wWAOODCw%3A1708362887553&amp;ei=h4zTZeqkIb3gkdUP-Oui2AE&amp;ved=0ahUKEwiqhL3Y87eEAxU9cKQEHfi1CBsQ4dUDCBA&amp;uact=5&amp;oq=chrolofil+accrobranche&amp;gs_lp=Egxnd3Mtd2l6LXNlcnAiFmNocm9sb2ZpbCBhY2Nyb2JyYW5jaGUyEBAuGIAEGA0YxwEYrwEYjgUyBhAAGBYYHjIfEC4YgAQYDRjHARivARiOBRiXBRjcBBjeBBjgBNgBAUi6ElDZAViJEXABeAGQAQCYAWSgAcUIqgEEMTIuMbgBA8gBAPgBAcICChAAGEcY1gQYsAPCAgcQABiABBgNwgIGEAAYHhgNwgIIEAAYHhgNGA_CAggQABgIGB4YDYgGAZAGCLoGBggBEAEYFA&amp;sclient=gws-wiz-serp#\" data-dtype=\"d3ph\" data-local-attribute=\"d3ph\" data-ved=\"2ahUKEwjK8Pva87eEAxUnVqQEHQ90DFQQkAgoAHoECFAQAg\"><span aria-label=\"Appeler le 03 20 57 58 59\">03 20 57 58 59<\/span><\/a><br \/><a href=\"https:\/\/chloro-fil.fr\/parcours-branches\/\">D\u00e9couvrir le site<\/a><\/p><p><b>Trott&rsquo; Electrique<br \/><\/b>2 Rue du G\u00e9n\u00e9ral de Gaulle<br \/>59239 La Neuville<br \/><a href=\"https:\/\/www.google.com\/search?q=chrolofil+accrobranche&amp;sca_esv=634e2b4d7db2b0af&amp;sca_upv=1&amp;sxsrf=ACQVn090MqeJga94X6tIV3uAn6wWAOODCw%3A1708362887553&amp;ei=h4zTZeqkIb3gkdUP-Oui2AE&amp;ved=0ahUKEwiqhL3Y87eEAxU9cKQEHfi1CBsQ4dUDCBA&amp;uact=5&amp;oq=chrolofil+accrobranche&amp;gs_lp=Egxnd3Mtd2l6LXNlcnAiFmNocm9sb2ZpbCBhY2Nyb2JyYW5jaGUyEBAuGIAEGA0YxwEYrwEYjgUyBhAAGBYYHjIfEC4YgAQYDRjHARivARiOBRiXBRjcBBjeBBjgBNgBAUi6ElDZAViJEXABeAGQAQCYAWSgAcUIqgEEMTIuMbgBA8gBAPgBAcICChAAGEcY1gQYsAPCAgcQABiABBgNwgIGEAAYHhgNwgIIEAAYHhgNGA_CAggQABgIGB4YDYgGAZAGCLoGBggBEAEYFA&amp;sclient=gws-wiz-serp#\" data-dtype=\"d3ph\" data-local-attribute=\"d3ph\" data-ved=\"2ahUKEwjK8Pva87eEAxUnVqQEHQ90DFQQkAgoAHoECFAQAg\"><span aria-label=\"Appeler le 03 20 57 58 59\">03 20 57 58 59<\/span><\/a><br \/><a href=\"https:\/\/chloro-fil.fr\/parcours-branches\/\">D\u00e9couvrir le site<\/a><\/p><p><b>Site Ornithologique des Cinq Tailles<br \/><\/b><span style=\"font-weight: 300;\">56 Rue Emile Zola,\u00a0<br \/><\/span><span style=\"font-weight: 300;\">59239 Thumeries<br \/><\/span><span style=\"font-weight: 300;\"><a href=\"tel:+33359730751\">03 59 73 07 51<\/a><br \/><\/span><a href=\"http:\/\/www.site-ornithologique-des-cinq-tailles.com\"><span style=\"font-weight: 300;\">D\u00e9couvrir le site<\/span><\/a><\/p><\/div>\n\t\t\t\t<\/div>\n\t\t\t\t\t\t\t\t<\/div>\n\t\t\t\t\t\t<\/div>\n\t\t\t\t<\/div>\n\t\t\t\t\t<\/div>\n\t\t<\/div>\n\t\t\t\t\t<\/div>\n\t\t<\/section>\n\t\t\t\t\t<\/div>\n\t\t<\/div>\n\t\t\t\t\t<\/div>\n\t\t<\/section>\n\t\t\t\t<\/div>\n\t\t","protected":false},"excerpt":{"rendered":"<p>chlorofil exp\u00e9rience Chloro Fil, la parcours branch\u00e9 est un parc accrobranche situ\u00e9 en plein c\u0153ur de la for\u00eat de Phalempin, dans un milieu 100% naturel et \u00e0 20 min de Lille, Lens et Douai. Le parc est accessible \u00e0 partir de 2 ans et demi. Il est situ\u00e9 \u00e0 c\u00f4t\u00e9 de nos cabanes. Il est [&hellip;]<\/p>\n","protected":false},"author":1,"featured_media":737,"parent":0,"menu_order":0,"comment_status":"closed","ping_status":"closed","template":"","meta":{"_seopress_robots_primary_cat":"","_seopress_titles_title":"Activit\u00e9s cabanes dans les arbres \u00e0 Phalempin","_seopress_titles_desc":"D\u00e9couvrez les activit\u00e9s propos\u00e9es aux alentours des Nids de Chlorofil, cabanes perch\u00e9es.","_seopress_robots_index":"","footnotes":""},"class_list":["post-20","page","type-page","status-publish","has-post-thumbnail","hentry"],"jetpack_sharing_enabled":true,"_links":{"self":[{"href":"https:\/\/chloro-fil.fr\/lesnidsdechlorofil\/wp-json\/wp\/v2\/pages\/20","targetHints":{"allow":["GET"]}}],"collection":[{"href":"https:\/\/chloro-fil.fr\/lesnidsdechlorofil\/wp-json\/wp\/v2\/pages"}],"about":[{"href":"https:\/\/chloro-fil.fr\/lesnidsdechlorofil\/wp-json\/wp\/v2\/types\/page"}],"author":[{"embeddable":true,"href":"https:\/\/chloro-fil.fr\/lesnidsdechlorofil\/wp-json\/wp\/v2\/users\/1"}],"replies":[{"embeddable":true,"href":"https:\/\/chloro-fil.fr\/lesnidsdechlorofil\/wp-json\/wp\/v2\/comments?post=20"}],"version-history":[{"count":56,"href":"https:\/\/chloro-fil.fr\/lesnidsdechlorofil\/wp-json\/wp\/v2\/pages\/20\/revisions"}],"predecessor-version":[{"id":3033,"href":"https:\/\/chloro-fil.fr\/lesnidsdechlorofil\/wp-json\/wp\/v2\/pages\/20\/revisions\/3033"}],"wp:featuredmedia":[{"embeddable":true,"href":"https:\/\/chloro-fil.fr\/lesnidsdechlorofil\/wp-json\/wp\/v2\/media\/737"}],"wp:attachment":[{"href":"https:\/\/chloro-fil.fr\/lesnidsdechlorofil\/wp-json\/wp\/v2\/media?parent=20"}],"curies":[{"name":"wp","href":"https:\/\/api.w.org\/{rel}","templated":true}]}}