{"id":21,"date":"2020-03-20T15:41:42","date_gmt":"2020-03-20T14:41:42","guid":{"rendered":"http:\/\/chloro-fil.fr\/New20\/lesnidsdechlorofil\/?page_id=21"},"modified":"2025-11-26T15:07:24","modified_gmt":"2025-11-26T14:07:24","slug":"infos-faq","status":"publish","type":"page","link":"https:\/\/chloro-fil.fr\/lesnidsdechlorofil\/infos-faq\/","title":{"rendered":"INFOS &#038; FAQ"},"content":{"rendered":"\t\t<div data-elementor-type=\"wp-page\" data-elementor-id=\"21\" class=\"elementor elementor-21\" data-elementor-post-type=\"page\">\n\t\t\t\t\t\t<section class=\"elementor-section elementor-top-section elementor-element elementor-element-458ca16 elementor-section-stretched elementor-section-boxed elementor-section-height-default elementor-section-height-default\" data-id=\"458ca16\" data-element_type=\"section\" data-settings=\"{&quot;stretch_section&quot;:&quot;section-stretched&quot;,&quot;background_background&quot;:&quot;classic&quot;,&quot;background_motion_fx_motion_fx_scrolling&quot;:&quot;yes&quot;,&quot;background_motion_fx_translateY_effect&quot;:&quot;yes&quot;,&quot;background_motion_fx_translateY_speed&quot;:{&quot;unit&quot;:&quot;px&quot;,&quot;size&quot;:6,&quot;sizes&quot;:[]},&quot;background_motion_fx_translateY_affectedRange&quot;:{&quot;unit&quot;:&quot;%&quot;,&quot;size&quot;:&quot;&quot;,&quot;sizes&quot;:{&quot;start&quot;:0,&quot;end&quot;:100}},&quot;background_motion_fx_devices&quot;:[&quot;desktop&quot;,&quot;tablet&quot;,&quot;mobile&quot;]}\">\n\t\t\t\t\t\t\t<div class=\"elementor-background-overlay\"><\/div>\n\t\t\t\t\t\t\t<div class=\"elementor-container elementor-column-gap-default\">\n\t\t\t\t\t<div class=\"elementor-column elementor-col-100 elementor-top-column elementor-element elementor-element-18609cc\" data-id=\"18609cc\" data-element_type=\"column\">\n\t\t\t<div class=\"elementor-widget-wrap elementor-element-populated\">\n\t\t\t\t\t\t<div class=\"elementor-element elementor-element-036bd2b elementor-widget elementor-widget-heading\" data-id=\"036bd2b\" data-element_type=\"widget\" data-widget_type=\"heading.default\">\n\t\t\t\t<div class=\"elementor-widget-container\">\n\t\t\t\t\t<h1 class=\"elementor-heading-title elementor-size-default\">Besoin d'informations ?<br>\nLes nids de chlorofil sont l\u00e0 !<\/h1>\t\t\t\t<\/div>\n\t\t\t\t<\/div>\n\t\t\t\t\t<\/div>\n\t\t<\/div>\n\t\t\t\t\t<\/div>\n\t\t<\/section>\n\t\t\t\t<section class=\"elementor-section elementor-top-section elementor-element elementor-element-088e344 elementor-section-stretched elementor-section-boxed elementor-section-height-default elementor-section-height-default\" data-id=\"088e344\" data-element_type=\"section\" data-settings=\"{&quot;stretch_section&quot;:&quot;section-stretched&quot;}\">\n\t\t\t\t\t\t<div class=\"elementor-container elementor-column-gap-default\">\n\t\t\t\t\t<div class=\"elementor-column elementor-col-100 elementor-top-column elementor-element elementor-element-38ee283\" data-id=\"38ee283\" data-element_type=\"column\">\n\t\t\t<div class=\"elementor-widget-wrap elementor-element-populated\">\n\t\t\t\t\t\t<div class=\"elementor-element elementor-element-e6de12c elementor-widget elementor-widget-heading\" data-id=\"e6de12c\" data-element_type=\"widget\" data-widget_type=\"heading.default\">\n\t\t\t\t<div class=\"elementor-widget-container\">\n\t\t\t\t\t<h2 class=\"elementor-heading-title elementor-size-default\">FOIRE AUX QUESTIONS<\/h2>\t\t\t\t<\/div>\n\t\t\t\t<\/div>\n\t\t\t\t<div class=\"elementor-element elementor-element-0a3464f elementor-widget elementor-widget-accordion\" data-id=\"0a3464f\" data-element_type=\"widget\" data-widget_type=\"accordion.default\">\n\t\t\t\t<div class=\"elementor-widget-container\">\n\t\t\t\t\t\t\t<div class=\"elementor-accordion\">\n\t\t\t\t\t\t\t<div class=\"elementor-accordion-item\">\n\t\t\t\t\t<h2 id=\"elementor-tab-title-1071\" class=\"elementor-tab-title\" data-tab=\"1\" role=\"button\" aria-controls=\"elementor-tab-content-1071\" aria-expanded=\"false\">\n\t\t\t\t\t\t\t\t\t\t\t\t\t<span class=\"elementor-accordion-icon elementor-accordion-icon-left\" aria-hidden=\"true\">\n\t\t\t\t\t\t\t\t\t\t\t\t\t\t\t<span class=\"elementor-accordion-icon-closed\"><i class=\"fas fa-plus\"><\/i><\/span>\n\t\t\t\t\t\t\t\t<span class=\"elementor-accordion-icon-opened\"><i class=\"fas fa-minus\"><\/i><\/span>\n\t\t\t\t\t\t\t\t\t\t\t\t\t\t<\/span>\n\t\t\t\t\t\t\t\t\t\t\t\t<a class=\"elementor-accordion-title\" tabindex=\"0\">Peut-on passer une nuit dans une cabane dans les arbres avec des enfants ?<\/a>\n\t\t\t\t\t<\/h2>\n\t\t\t\t\t<div id=\"elementor-tab-content-1071\" class=\"elementor-tab-content elementor-clearfix\" data-tab=\"1\" role=\"region\" aria-labelledby=\"elementor-tab-title-1071\"><p>Oui ! Nos cabanes sont con\u00e7ues pour accueillir des enfants. En cas de doute, n\u2019h\u00e9sitez pas \u00e0 nous appeler pour en discuter.<br \/>Pour des raisons de s\u00e9curit\u00e9 et de responsabilit\u00e9 (\u00e9vacuation du site, intemp\u00e9ries, maladie \u2026), les mineurs ne sont pas autoris\u00e9s \u00e0 venir seuls dans les cabanes.<\/p><\/div>\n\t\t\t\t<\/div>\n\t\t\t\t\t\t\t<div class=\"elementor-accordion-item\">\n\t\t\t\t\t<h2 id=\"elementor-tab-title-1072\" class=\"elementor-tab-title\" data-tab=\"2\" role=\"button\" aria-controls=\"elementor-tab-content-1072\" aria-expanded=\"false\">\n\t\t\t\t\t\t\t\t\t\t\t\t\t<span class=\"elementor-accordion-icon elementor-accordion-icon-left\" aria-hidden=\"true\">\n\t\t\t\t\t\t\t\t\t\t\t\t\t\t\t<span class=\"elementor-accordion-icon-closed\"><i class=\"fas fa-plus\"><\/i><\/span>\n\t\t\t\t\t\t\t\t<span class=\"elementor-accordion-icon-opened\"><i class=\"fas fa-minus\"><\/i><\/span>\n\t\t\t\t\t\t\t\t\t\t\t\t\t\t<\/span>\n\t\t\t\t\t\t\t\t\t\t\t\t<a class=\"elementor-accordion-title\" tabindex=\"0\">Peut-on \u00eatre \u00e0 3 dans la cabane de 2 personnes ? \u00e0 7 dans la cabane de 6 personnes ?<\/a>\n\t\t\t\t\t<\/h2>\n\t\t\t\t\t<div id=\"elementor-tab-content-1072\" class=\"elementor-tab-content elementor-clearfix\" data-tab=\"2\" role=\"region\" aria-labelledby=\"elementor-tab-title-1072\"><p>Non, la cabane peut accueillir au maximum 2 personnes. La r\u00e9ponse est la m\u00eame pour la cabane de 6 personnes. Si vous souhaitez venir en groupe, il faudra r\u00e9server 2 ou 3 cabanes pour un total de 12 personnes maximum.<\/p><\/div>\n\t\t\t\t<\/div>\n\t\t\t\t\t\t\t<div class=\"elementor-accordion-item\">\n\t\t\t\t\t<h2 id=\"elementor-tab-title-1073\" class=\"elementor-tab-title\" data-tab=\"3\" role=\"button\" aria-controls=\"elementor-tab-content-1073\" aria-expanded=\"false\">\n\t\t\t\t\t\t\t\t\t\t\t\t\t<span class=\"elementor-accordion-icon elementor-accordion-icon-left\" aria-hidden=\"true\">\n\t\t\t\t\t\t\t\t\t\t\t\t\t\t\t<span class=\"elementor-accordion-icon-closed\"><i class=\"fas fa-plus\"><\/i><\/span>\n\t\t\t\t\t\t\t\t<span class=\"elementor-accordion-icon-opened\"><i class=\"fas fa-minus\"><\/i><\/span>\n\t\t\t\t\t\t\t\t\t\t\t\t\t\t<\/span>\n\t\t\t\t\t\t\t\t\t\t\t\t<a class=\"elementor-accordion-title\" tabindex=\"0\">Que doit-on pr\u00e9voir avant notre arriv\u00e9e dans notre cabane dans les arbres ?<\/a>\n\t\t\t\t\t<\/h2>\n\t\t\t\t\t<div id=\"elementor-tab-content-1073\" class=\"elementor-tab-content elementor-clearfix\" data-tab=\"3\" role=\"region\" aria-labelledby=\"elementor-tab-title-1073\"><p>L\u2019acc\u00e8s aux cabanes dans les arbres se fait par un escalier et ne n\u00e9cessite aucun \u00e9quipement ou tenue particuli\u00e8re. Nous vous recommandons d\u2019apporter des v\u00eatements confortables et adapt\u00e9s \u00e0 une sortie dans les bois. Les bottes peuvent s\u2019av\u00e9rer n\u00e9cessaires en cas de pluie.<br \/>Bien que les cabanes soient \u00e9quip\u00e9es de chauffage, les nuits peuvent \u00eatre fra\u00eeches. Nous vous conseillons de pr\u00e9voir des v\u00eatements chauds. Pour le reste, laissez-nous faire, on s\u2019occupe de tout !<\/p><\/div>\n\t\t\t\t<\/div>\n\t\t\t\t\t\t\t<div class=\"elementor-accordion-item\">\n\t\t\t\t\t<h2 id=\"elementor-tab-title-1074\" class=\"elementor-tab-title\" data-tab=\"4\" role=\"button\" aria-controls=\"elementor-tab-content-1074\" aria-expanded=\"false\">\n\t\t\t\t\t\t\t\t\t\t\t\t\t<span class=\"elementor-accordion-icon elementor-accordion-icon-left\" aria-hidden=\"true\">\n\t\t\t\t\t\t\t\t\t\t\t\t\t\t\t<span class=\"elementor-accordion-icon-closed\"><i class=\"fas fa-plus\"><\/i><\/span>\n\t\t\t\t\t\t\t\t<span class=\"elementor-accordion-icon-opened\"><i class=\"fas fa-minus\"><\/i><\/span>\n\t\t\t\t\t\t\t\t\t\t\t\t\t\t<\/span>\n\t\t\t\t\t\t\t\t\t\t\t\t<a class=\"elementor-accordion-title\" tabindex=\"0\">A quelle heure peut-on arriver et profiter de notre cabane dans les arbres ?<\/a>\n\t\t\t\t\t<\/h2>\n\t\t\t\t\t<div id=\"elementor-tab-content-1074\" class=\"elementor-tab-content elementor-clearfix\" data-tab=\"4\" role=\"region\" aria-labelledby=\"elementor-tab-title-1074\"><p>Vous avez la possibilit\u00e9 d\u2019arriver entre 14h00 et 17h30. Afin de vous r\u00e9server le meilleur accueil possible, nous vous prions de bien vouloir nous informer de votre heure d\u2019arriv\u00e9e au plus tard 48h avant votre venue (par mail ou par t\u00e9l\u00e9phone). Si vous souhaitez arriver avant pour faire de l\u2019accrobranche, merci de r\u00e9server votre cr\u00e9neau \u00e0 l\u2019avance.<\/p><p>Vous pr\u00e9voyez d\u2019arriver plus tard ou n\u2019\u00eates pas certain(e) de votre heure d\u2019arriv\u00e9e ? Pas de souci, une arriv\u00e9e autonome est possible. Il vous suffit de nous envoyer un e-mail indiquant votre nom, la date de votre r\u00e9servation et la cabane concern\u00e9e afin que nous puissions vous transmettre les instructions n\u00e9cessaires.<\/p><\/div>\n\t\t\t\t<\/div>\n\t\t\t\t\t\t\t<div class=\"elementor-accordion-item\">\n\t\t\t\t\t<h2 id=\"elementor-tab-title-1075\" class=\"elementor-tab-title\" data-tab=\"5\" role=\"button\" aria-controls=\"elementor-tab-content-1075\" aria-expanded=\"false\">\n\t\t\t\t\t\t\t\t\t\t\t\t\t<span class=\"elementor-accordion-icon elementor-accordion-icon-left\" aria-hidden=\"true\">\n\t\t\t\t\t\t\t\t\t\t\t\t\t\t\t<span class=\"elementor-accordion-icon-closed\"><i class=\"fas fa-plus\"><\/i><\/span>\n\t\t\t\t\t\t\t\t<span class=\"elementor-accordion-icon-opened\"><i class=\"fas fa-minus\"><\/i><\/span>\n\t\t\t\t\t\t\t\t\t\t\t\t\t\t<\/span>\n\t\t\t\t\t\t\t\t\t\t\t\t<a class=\"elementor-accordion-title\" tabindex=\"0\">Qu\u2019est-ce qui nous est fourni (literie, \u00e9clairage, etc.)?<\/a>\n\t\t\t\t\t<\/h2>\n\t\t\t\t\t<div id=\"elementor-tab-content-1075\" class=\"elementor-tab-content elementor-clearfix\" data-tab=\"5\" role=\"region\" aria-labelledby=\"elementor-tab-title-1075\"><p>Nous vous fournissons la literie (draps, housses de couettes et taies d\u2019oreillers) ainsi que la vaisselle (assiettes, couverts, verres, saladiers\u2026). La seule chose que vous devez pr\u00e9voir est votre d\u00eener.<\/p><\/div>\n\t\t\t\t<\/div>\n\t\t\t\t\t\t\t<div class=\"elementor-accordion-item\">\n\t\t\t\t\t<h2 id=\"elementor-tab-title-1076\" class=\"elementor-tab-title\" data-tab=\"6\" role=\"button\" aria-controls=\"elementor-tab-content-1076\" aria-expanded=\"false\">\n\t\t\t\t\t\t\t\t\t\t\t\t\t<span class=\"elementor-accordion-icon elementor-accordion-icon-left\" aria-hidden=\"true\">\n\t\t\t\t\t\t\t\t\t\t\t\t\t\t\t<span class=\"elementor-accordion-icon-closed\"><i class=\"fas fa-plus\"><\/i><\/span>\n\t\t\t\t\t\t\t\t<span class=\"elementor-accordion-icon-opened\"><i class=\"fas fa-minus\"><\/i><\/span>\n\t\t\t\t\t\t\t\t\t\t\t\t\t\t<\/span>\n\t\t\t\t\t\t\t\t\t\t\t\t<a class=\"elementor-accordion-title\" tabindex=\"0\">Peut-on d\u00eener dans notre cabane dans les arbres ?<\/a>\n\t\t\t\t\t<\/h2>\n\t\t\t\t\t<div id=\"elementor-tab-content-1076\" class=\"elementor-tab-content elementor-clearfix\" data-tab=\"6\" role=\"region\" aria-labelledby=\"elementor-tab-title-1076\"><p>Oui, \u00e0 condition de pr\u00e9voir un pique-nique froid. Nos cabanes ne sont pas \u00e9quip\u00e9es de points chauds, il est donc impossible de cuisiner. Si vous le souhaitez, vous pouvez r\u00e9server votre <a href=\"https:\/\/chloro-fil.fr\/lesnidsdechlorofil\/produit\/panier-chti\/\"><strong>panier repas ch\u2019ti<\/strong><\/a>, propos\u00e9 \u00e0 la vente sur notre site. \u00c0 r\u00e9server au plus tard 2 jours avant votre arriv\u00e9e.<br \/>Par ailleurs, vous pouvez choisir de tester la cuisine locale en vous rendant dans l\u2019un des <a href=\"https:\/\/chloro-fil.fr\/lesnidsdechlorofil\/aux-alentours\/\"><strong>restaurants environnants<\/strong><\/a>.<\/p><\/div>\n\t\t\t\t<\/div>\n\t\t\t\t\t\t\t<div class=\"elementor-accordion-item\">\n\t\t\t\t\t<h2 id=\"elementor-tab-title-1077\" class=\"elementor-tab-title\" data-tab=\"7\" role=\"button\" aria-controls=\"elementor-tab-content-1077\" aria-expanded=\"false\">\n\t\t\t\t\t\t\t\t\t\t\t\t\t<span class=\"elementor-accordion-icon elementor-accordion-icon-left\" aria-hidden=\"true\">\n\t\t\t\t\t\t\t\t\t\t\t\t\t\t\t<span class=\"elementor-accordion-icon-closed\"><i class=\"fas fa-plus\"><\/i><\/span>\n\t\t\t\t\t\t\t\t<span class=\"elementor-accordion-icon-opened\"><i class=\"fas fa-minus\"><\/i><\/span>\n\t\t\t\t\t\t\t\t\t\t\t\t\t\t<\/span>\n\t\t\t\t\t\t\t\t\t\t\t\t<a class=\"elementor-accordion-title\" tabindex=\"0\">Comment fonctionnent les toilettes s\u00e8ches ?<\/a>\n\t\t\t\t\t<\/h2>\n\t\t\t\t\t<div id=\"elementor-tab-content-1077\" class=\"elementor-tab-content elementor-clearfix\" data-tab=\"7\" role=\"region\" aria-labelledby=\"elementor-tab-title-1077\"><p>Point \u00e9cologique ! Nos cabanes dans les arbres sont \u00e9quip\u00e9es de toilettes s\u00e8ches. Elles fonctionnent avec de la sciure de bois qui absorbe les mauvaises odeurs et ass\u00e8che le reste.<\/p><\/div>\n\t\t\t\t<\/div>\n\t\t\t\t\t\t\t<div class=\"elementor-accordion-item\">\n\t\t\t\t\t<h2 id=\"elementor-tab-title-1078\" class=\"elementor-tab-title\" data-tab=\"8\" role=\"button\" aria-controls=\"elementor-tab-content-1078\" aria-expanded=\"false\">\n\t\t\t\t\t\t\t\t\t\t\t\t\t<span class=\"elementor-accordion-icon elementor-accordion-icon-left\" aria-hidden=\"true\">\n\t\t\t\t\t\t\t\t\t\t\t\t\t\t\t<span class=\"elementor-accordion-icon-closed\"><i class=\"fas fa-plus\"><\/i><\/span>\n\t\t\t\t\t\t\t\t<span class=\"elementor-accordion-icon-opened\"><i class=\"fas fa-minus\"><\/i><\/span>\n\t\t\t\t\t\t\t\t\t\t\t\t\t\t<\/span>\n\t\t\t\t\t\t\t\t\t\t\t\t<a class=\"elementor-accordion-title\" tabindex=\"0\">Comment se passe le petit-d\u00e9jeuner ?<\/a>\n\t\t\t\t\t<\/h2>\n\t\t\t\t\t<div id=\"elementor-tab-content-1078\" class=\"elementor-tab-content elementor-clearfix\" data-tab=\"8\" role=\"region\" aria-labelledby=\"elementor-tab-title-1078\"><p>Le petit d\u00e9jeuner est inclus dans le prix (jus d&rsquo;orange, eau, th\u00e9, caf\u00e9, chocolat chaud, beurre, confiture, p\u00e2te \u00e0 tartiner). Le pain frais et les viennoiseries sont d\u00e9pos\u00e9s le matin dans un panier<span style=\"font-weight: 300;\">\u00a0entre 08:00 et 08:30.<\/span><\/p><\/div>\n\t\t\t\t<\/div>\n\t\t\t\t\t\t\t<div class=\"elementor-accordion-item\">\n\t\t\t\t\t<h2 id=\"elementor-tab-title-1079\" class=\"elementor-tab-title\" data-tab=\"9\" role=\"button\" aria-controls=\"elementor-tab-content-1079\" aria-expanded=\"false\">\n\t\t\t\t\t\t\t\t\t\t\t\t\t<span class=\"elementor-accordion-icon elementor-accordion-icon-left\" aria-hidden=\"true\">\n\t\t\t\t\t\t\t\t\t\t\t\t\t\t\t<span class=\"elementor-accordion-icon-closed\"><i class=\"fas fa-plus\"><\/i><\/span>\n\t\t\t\t\t\t\t\t<span class=\"elementor-accordion-icon-opened\"><i class=\"fas fa-minus\"><\/i><\/span>\n\t\t\t\t\t\t\t\t\t\t\t\t\t\t<\/span>\n\t\t\t\t\t\t\t\t\t\t\t\t<a class=\"elementor-accordion-title\" tabindex=\"0\">Est-il possible de se doucher ? A-t-on acc\u00e8s \u00e0 de \u00ab vrais \u00bb sanitaires ?<\/a>\n\t\t\t\t\t<\/h2>\n\t\t\t\t\t<div id=\"elementor-tab-content-1079\" class=\"elementor-tab-content elementor-clearfix\" data-tab=\"9\" role=\"region\" aria-labelledby=\"elementor-tab-title-1079\"><p><span style=\"font-weight: 400;\">Les cabanes ne sont pas \u00e9quip\u00e9es de douches. Cependant, vous disposez d\u2019une r\u00e9serve d\u2019eau de 20L et de toilettes s\u00e8ches ind\u00e9pendantes.<\/span><\/p><\/div>\n\t\t\t\t<\/div>\n\t\t\t\t\t\t\t<div class=\"elementor-accordion-item\">\n\t\t\t\t\t<h2 id=\"elementor-tab-title-10710\" class=\"elementor-tab-title\" data-tab=\"10\" role=\"button\" aria-controls=\"elementor-tab-content-10710\" aria-expanded=\"false\">\n\t\t\t\t\t\t\t\t\t\t\t\t\t<span class=\"elementor-accordion-icon elementor-accordion-icon-left\" aria-hidden=\"true\">\n\t\t\t\t\t\t\t\t\t\t\t\t\t\t\t<span class=\"elementor-accordion-icon-closed\"><i class=\"fas fa-plus\"><\/i><\/span>\n\t\t\t\t\t\t\t\t<span class=\"elementor-accordion-icon-opened\"><i class=\"fas fa-minus\"><\/i><\/span>\n\t\t\t\t\t\t\t\t\t\t\t\t\t\t<\/span>\n\t\t\t\t\t\t\t\t\t\t\t\t<a class=\"elementor-accordion-title\" tabindex=\"0\">A quelle heure doit-on pr\u00e9voir de lib\u00e9rer notre cabane dans les arbres?<\/a>\n\t\t\t\t\t<\/h2>\n\t\t\t\t\t<div id=\"elementor-tab-content-10710\" class=\"elementor-tab-content elementor-clearfix\" data-tab=\"10\" role=\"region\" aria-labelledby=\"elementor-tab-title-10710\"><p>Vous pouvez profiter de votre cabane dans les arbres jusqu\u2019\u00e0 11h00 le lendemain matin. Vous \u00eates ensuite attendus \u00e0 l&rsquo;accueil pour les derni\u00e8res formalit\u00e9s et pour nous faire part de vos impressions et commentaires \u00e9ventuels.<\/p><\/div>\n\t\t\t\t<\/div>\n\t\t\t\t\t\t\t<div class=\"elementor-accordion-item\">\n\t\t\t\t\t<h2 id=\"elementor-tab-title-10711\" class=\"elementor-tab-title\" data-tab=\"11\" role=\"button\" aria-controls=\"elementor-tab-content-10711\" aria-expanded=\"false\">\n\t\t\t\t\t\t\t\t\t\t\t\t\t<span class=\"elementor-accordion-icon elementor-accordion-icon-left\" aria-hidden=\"true\">\n\t\t\t\t\t\t\t\t\t\t\t\t\t\t\t<span class=\"elementor-accordion-icon-closed\"><i class=\"fas fa-plus\"><\/i><\/span>\n\t\t\t\t\t\t\t\t<span class=\"elementor-accordion-icon-opened\"><i class=\"fas fa-minus\"><\/i><\/span>\n\t\t\t\t\t\t\t\t\t\t\t\t\t\t<\/span>\n\t\t\t\t\t\t\t\t\t\t\t\t<a class=\"elementor-accordion-title\" tabindex=\"0\">Quelles sont les conditions d\u2019annulation\/ report d\u2019un s\u00e9jour dans une cabane dans les arbres ?<\/a>\n\t\t\t\t\t<\/h2>\n\t\t\t\t\t<div id=\"elementor-tab-content-10711\" class=\"elementor-tab-content elementor-clearfix\" data-tab=\"11\" role=\"region\" aria-labelledby=\"elementor-tab-title-10711\"><p>En cas d\u2019hospitalisation, accident ou d\u00e9c\u00e8s, et uniquement sur pr\u00e9sentation d\u2019un certificat m\u00e9dical ou d\u00e9c\u00e8s, nous nous engageons \u00e0 vous rembourser l\u2019int\u00e9gralit\u00e9 de votre r\u00e8glement, ou \u00e0 d\u00e9caler gratuitement votre s\u00e9jour dans nos cabanes dans les arbres \u00e0 une date ult\u00e9rieure.<\/p><p>En dehors de ces cas de force majeure, pour tout s\u00e9jour annul\u00e9 moins de 3 semaines avant la date de r\u00e9servation, celle-ci ne sera plus modifiable. S\u2019il y a un changement au-del\u00e0 de ce d\u00e9lai, 2 choix se proposent \u00e0 vous :<br \/>\u2013 ce bon perdra 50% de sa valeur<br \/>\u2013 ou r\u00e9server une nuit hors week-end (soit vendredi soir, samedi soir et dimanche soir) et hors jours f\u00e9ri\u00e9s (la veille au soir ou le soir m\u00eame) en respectant la date de validit\u00e9 de son bon.<\/p><p>Les annulations (en dehors des cas de force majeure) ne sont pas autoris\u00e9es 3 jours avant le jour d\u2019arriv\u00e9e. Votre bon perdra automatiquement 50% de sa valeur.<\/p><p>Dans tous les cas, nous vous conseillons de prendre contact avec nous dans les meilleurs d\u00e9lais, afin de trouver ensemble la meilleure solution pour chacun.<\/p><p>Concernant les d\u00e9cisions prises par le gouvernements face \u00e0 la crise du COVID &#8211; 19 (exemple : confinement), si vous \u00eates dans l&rsquo;incapacit\u00e9 d&rsquo;honorer votre r\u00e9servation, vous aurez un avoir de 12 mois. Nous ne proposons pas de remboursement.<\/p><\/div>\n\t\t\t\t<\/div>\n\t\t\t\t\t\t\t<div class=\"elementor-accordion-item\">\n\t\t\t\t\t<h2 id=\"elementor-tab-title-10712\" class=\"elementor-tab-title\" data-tab=\"12\" role=\"button\" aria-controls=\"elementor-tab-content-10712\" aria-expanded=\"false\">\n\t\t\t\t\t\t\t\t\t\t\t\t\t<span class=\"elementor-accordion-icon elementor-accordion-icon-left\" aria-hidden=\"true\">\n\t\t\t\t\t\t\t\t\t\t\t\t\t\t\t<span class=\"elementor-accordion-icon-closed\"><i class=\"fas fa-plus\"><\/i><\/span>\n\t\t\t\t\t\t\t\t<span class=\"elementor-accordion-icon-opened\"><i class=\"fas fa-minus\"><\/i><\/span>\n\t\t\t\t\t\t\t\t\t\t\t\t\t\t<\/span>\n\t\t\t\t\t\t\t\t\t\t\t\t<a class=\"elementor-accordion-title\" tabindex=\"0\">Peut-on venir avec un animal de compagnie, un petit chien ?<\/a>\n\t\t\t\t\t<\/h2>\n\t\t\t\t\t<div id=\"elementor-tab-content-10712\" class=\"elementor-tab-content elementor-clearfix\" data-tab=\"12\" role=\"region\" aria-labelledby=\"elementor-tab-title-10712\"><p>Non, pour des questions de s\u00e9curit\u00e9 et raisons sanitaires. Nous ne pouvons donc pas vous accueillir avec vos animaux de compagnie.<\/p><\/div>\n\t\t\t\t<\/div>\n\t\t\t\t\t\t\t\t<\/div>\n\t\t\t\t\t\t<\/div>\n\t\t\t\t<\/div>\n\t\t\t\t\t<\/div>\n\t\t<\/div>\n\t\t\t\t\t<\/div>\n\t\t<\/section>\n\t\t\t\t<\/div>\n\t\t","protected":false},"excerpt":{"rendered":"<p>Besoin d&rsquo;informations ? Les nids de chlorofil sont l\u00e0 ! FOIRE AUX QUESTIONS Peut-on passer une nuit dans une cabane dans les arbres avec des enfants ? Oui ! Nos cabanes sont con\u00e7ues pour accueillir des enfants. En cas de doute, n\u2019h\u00e9sitez pas \u00e0 nous appeler pour en discuter.Pour des raisons de s\u00e9curit\u00e9 et de [&hellip;]<\/p>\n","protected":false},"author":1,"featured_media":737,"parent":0,"menu_order":0,"comment_status":"closed","ping_status":"closed","template":"","meta":{"_seopress_robots_primary_cat":"","_seopress_titles_title":"Infos &amp; FAQ - Les Nids de Chloro Fil \u00e0 Phalempin","_seopress_titles_desc":"Vous trouverez toutes les informations et r\u00e9ponses \u00e0 vos questions concernant les cabanes perch\u00e9es de Nids de Chloro Fil.","_seopress_robots_index":"","footnotes":""},"class_list":["post-21","page","type-page","status-publish","has-post-thumbnail","hentry"],"jetpack_sharing_enabled":true,"_links":{"self":[{"href":"https:\/\/chloro-fil.fr\/lesnidsdechlorofil\/wp-json\/wp\/v2\/pages\/21","targetHints":{"allow":["GET"]}}],"collection":[{"href":"https:\/\/chloro-fil.fr\/lesnidsdechlorofil\/wp-json\/wp\/v2\/pages"}],"about":[{"href":"https:\/\/chloro-fil.fr\/lesnidsdechlorofil\/wp-json\/wp\/v2\/types\/page"}],"author":[{"embeddable":true,"href":"https:\/\/chloro-fil.fr\/lesnidsdechlorofil\/wp-json\/wp\/v2\/users\/1"}],"replies":[{"embeddable":true,"href":"https:\/\/chloro-fil.fr\/lesnidsdechlorofil\/wp-json\/wp\/v2\/comments?post=21"}],"version-history":[{"count":46,"href":"https:\/\/chloro-fil.fr\/lesnidsdechlorofil\/wp-json\/wp\/v2\/pages\/21\/revisions"}],"predecessor-version":[{"id":3062,"href":"https:\/\/chloro-fil.fr\/lesnidsdechlorofil\/wp-json\/wp\/v2\/pages\/21\/revisions\/3062"}],"wp:featuredmedia":[{"embeddable":true,"href":"https:\/\/chloro-fil.fr\/lesnidsdechlorofil\/wp-json\/wp\/v2\/media\/737"}],"wp:attachment":[{"href":"https:\/\/chloro-fil.fr\/lesnidsdechlorofil\/wp-json\/wp\/v2\/media?parent=21"}],"curies":[{"name":"wp","href":"https:\/\/api.w.org\/{rel}","templated":true}]}}