{"id":22,"date":"2020-03-20T15:41:42","date_gmt":"2020-03-20T14:41:42","guid":{"rendered":"http:\/\/chloro-fil.fr\/New20\/lesnidsdechlorofil\/?page_id=22"},"modified":"2020-05-16T19:01:20","modified_gmt":"2020-05-16T17:01:20","slug":"actualites","status":"publish","type":"page","link":"https:\/\/chloro-fil.fr\/lesnidsdechlorofil\/actualites\/","title":{"rendered":"ACTUALIT\u00c9S"},"content":{"rendered":"\t\t<div data-elementor-type=\"wp-page\" data-elementor-id=\"22\" class=\"elementor elementor-22\" data-elementor-post-type=\"page\">\n\t\t\t\t\t\t<section class=\"elementor-section elementor-top-section elementor-element elementor-element-e0563d7 elementor-section-stretched elementor-section-boxed elementor-section-height-default elementor-section-height-default\" data-id=\"e0563d7\" data-element_type=\"section\" data-settings=\"{&quot;stretch_section&quot;:&quot;section-stretched&quot;,&quot;background_background&quot;:&quot;classic&quot;,&quot;background_motion_fx_motion_fx_scrolling&quot;:&quot;yes&quot;,&quot;background_motion_fx_translateY_effect&quot;:&quot;yes&quot;,&quot;background_motion_fx_translateY_speed&quot;:{&quot;unit&quot;:&quot;px&quot;,&quot;size&quot;:6,&quot;sizes&quot;:[]},&quot;background_motion_fx_translateY_affectedRange&quot;:{&quot;unit&quot;:&quot;%&quot;,&quot;size&quot;:&quot;&quot;,&quot;sizes&quot;:{&quot;start&quot;:0,&quot;end&quot;:100}},&quot;background_motion_fx_devices&quot;:[&quot;desktop&quot;,&quot;tablet&quot;,&quot;mobile&quot;]}\">\n\t\t\t\t\t\t\t<div class=\"elementor-background-overlay\"><\/div>\n\t\t\t\t\t\t\t<div class=\"elementor-container elementor-column-gap-default\">\n\t\t\t\t\t<div class=\"elementor-column elementor-col-100 elementor-top-column elementor-element elementor-element-0739012\" data-id=\"0739012\" data-element_type=\"column\">\n\t\t\t<div class=\"elementor-widget-wrap elementor-element-populated\">\n\t\t\t\t\t\t<div class=\"elementor-element elementor-element-5dbe577 elementor-widget elementor-widget-heading\" data-id=\"5dbe577\" data-element_type=\"widget\" data-widget_type=\"heading.default\">\n\t\t\t\t<div class=\"elementor-widget-container\">\n\t\t\t\t\t<h1 class=\"elementor-heading-title elementor-size-default\">Quoi de neuf chez Les Nids de Chlorofil ?<\/h1>\t\t\t\t<\/div>\n\t\t\t\t<\/div>\n\t\t\t\t\t<\/div>\n\t\t<\/div>\n\t\t\t\t\t<\/div>\n\t\t<\/section>\n\t\t\t\t<section class=\"elementor-section elementor-top-section elementor-element elementor-element-e9cbcc5 elementor-section-stretched elementor-section-boxed elementor-section-height-default elementor-section-height-default\" data-id=\"e9cbcc5\" data-element_type=\"section\" data-settings=\"{&quot;stretch_section&quot;:&quot;section-stretched&quot;}\">\n\t\t\t\t\t\t<div class=\"elementor-container elementor-column-gap-default\">\n\t\t\t\t\t<div class=\"elementor-column elementor-col-100 elementor-top-column elementor-element elementor-element-4537a1d\" data-id=\"4537a1d\" data-element_type=\"column\">\n\t\t\t<div class=\"elementor-widget-wrap elementor-element-populated\">\n\t\t\t\t\t\t<div class=\"elementor-element elementor-element-37edb13 elementor-widget elementor-widget-text-editor\" data-id=\"37edb13\" data-element_type=\"widget\" data-widget_type=\"text-editor.default\">\n\t\t\t\t<div class=\"elementor-widget-container\">\n\t\t\t\t\t\t\t\t\t<p>D\u00e9couvrez toute l&rsquo;actualit\u00e9 de vos cabanes perch\u00e9es. Les derniers changements, les nouveaut\u00e9s, les bons plans&#8230; c\u2019est par ici !<\/p>\t\t\t\t\t\t\t\t<\/div>\n\t\t\t\t<\/div>\n\t\t\t\t<div class=\"elementor-element elementor-element-6da4611 elementor-grid-3 elementor-grid-tablet-2 elementor-grid-mobile-1 elementor-posts--thumbnail-top elementor-card-shadow-yes elementor-posts__hover-gradient elementor-widget elementor-widget-posts\" data-id=\"6da4611\" data-element_type=\"widget\" data-settings=\"{&quot;cards_masonry&quot;:&quot;yes&quot;,&quot;cards_row_gap&quot;:{&quot;unit&quot;:&quot;px&quot;,&quot;size&quot;:30,&quot;sizes&quot;:[]},&quot;pagination_type&quot;:&quot;numbers&quot;,&quot;cards_columns&quot;:&quot;3&quot;,&quot;cards_columns_tablet&quot;:&quot;2&quot;,&quot;cards_columns_mobile&quot;:&quot;1&quot;,&quot;cards_row_gap_tablet&quot;:{&quot;unit&quot;:&quot;px&quot;,&quot;size&quot;:&quot;&quot;,&quot;sizes&quot;:[]},&quot;cards_row_gap_mobile&quot;:{&quot;unit&quot;:&quot;px&quot;,&quot;size&quot;:&quot;&quot;,&quot;sizes&quot;:[]}}\" data-widget_type=\"posts.cards\">\n\t\t\t\t<div class=\"elementor-widget-container\">\n\t\t\t\t\t\t\t<div class=\"elementor-posts-container elementor-posts elementor-posts--skin-cards elementor-grid\" role=\"list\">\n\t\t\t\t<article class=\"elementor-post elementor-grid-item post-3034 post type-post status-publish format-standard has-post-thumbnail hentry category-non-classe\" role=\"listitem\">\n\t\t\t<div class=\"elementor-post__card\">\n\t\t\t\t<a class=\"elementor-post__thumbnail__link\" href=\"https:\/\/chloro-fil.fr\/lesnidsdechlorofil\/nos-cabanes-un-refuge-au-coeur-de-la-nature\/\" tabindex=\"-1\" ><div class=\"elementor-post__thumbnail\"><img fetchpriority=\"high\" decoding=\"async\" width=\"1500\" height=\"1000\" src=\"https:\/\/chloro-fil.fr\/lesnidsdechlorofil\/wp-content\/uploads\/2025\/10\/cabane-chlorofil-hiver.webp\" class=\"attachment-full size-full wp-image-3035\" alt=\"\" srcset=\"https:\/\/chloro-fil.fr\/lesnidsdechlorofil\/wp-content\/uploads\/2025\/10\/cabane-chlorofil-hiver.webp 1500w, https:\/\/chloro-fil.fr\/lesnidsdechlorofil\/wp-content\/uploads\/2025\/10\/cabane-chlorofil-hiver-300x200.webp 300w, https:\/\/chloro-fil.fr\/lesnidsdechlorofil\/wp-content\/uploads\/2025\/10\/cabane-chlorofil-hiver-1024x683.webp 1024w, https:\/\/chloro-fil.fr\/lesnidsdechlorofil\/wp-content\/uploads\/2025\/10\/cabane-chlorofil-hiver-768x512.webp 768w, https:\/\/chloro-fil.fr\/lesnidsdechlorofil\/wp-content\/uploads\/2025\/10\/cabane-chlorofil-hiver-600x400.webp 600w\" sizes=\"(max-width: 1500px) 100vw, 1500px\" \/><\/div><\/a>\n\t\t\t\t<div class=\"elementor-post__text\">\n\t\t\t\t<p class=\"elementor-post__title\">\n\t\t\t<a href=\"https:\/\/chloro-fil.fr\/lesnidsdechlorofil\/nos-cabanes-un-refuge-au-coeur-de-la-nature\/\" >\n\t\t\t\tNos cabanes : un refuge au c\u0153ur de la nature\t\t\t<\/a>\n\t\t<\/p>\n\t\t\t\t<div class=\"elementor-post__excerpt\">\n\t\t\t<p>Et si l\u2019hiver devenait la saison id\u00e9ale pour r\u00eaver d\u2019\u00e9vasion<\/p>\n\t\t<\/div>\n\t\t\n\t\t<a class=\"elementor-post__read-more\" href=\"https:\/\/chloro-fil.fr\/lesnidsdechlorofil\/nos-cabanes-un-refuge-au-coeur-de-la-nature\/\" aria-label=\"Read more about Nos cabanes : un refuge au c\u0153ur de la nature\" tabindex=\"-1\" >\n\t\t\tLire plus\t\t<\/a>\n\n\t\t\t\t<\/div>\n\t\t\t\t<div class=\"elementor-post__meta-data\">\n\t\t\t\t\t<span class=\"elementor-post-date\">\n\t\t\t1 novembre 2025\t\t<\/span>\n\t\t\t\t<\/div>\n\t\t\t\t\t<\/div>\n\t\t<\/article>\n\t\t\t\t<article class=\"elementor-post elementor-grid-item post-2954 post type-post status-publish format-standard has-post-thumbnail hentry category-non-classe\" role=\"listitem\">\n\t\t\t<div class=\"elementor-post__card\">\n\t\t\t\t<a class=\"elementor-post__thumbnail__link\" href=\"https:\/\/chloro-fil.fr\/lesnidsdechlorofil\/les-meilleurs-coins-pour-pique-niquer-en-foret-de-phalempin-au-mois-de-juin\/\" tabindex=\"-1\" ><div class=\"elementor-post__thumbnail\"><img decoding=\"async\" width=\"1500\" height=\"1000\" src=\"https:\/\/chloro-fil.fr\/lesnidsdechlorofil\/wp-content\/uploads\/2025\/03\/pique-nique.jpg\" class=\"attachment-full size-full wp-image-2955\" alt=\"pique-nique\" srcset=\"https:\/\/chloro-fil.fr\/lesnidsdechlorofil\/wp-content\/uploads\/2025\/03\/pique-nique.jpg 1500w, https:\/\/chloro-fil.fr\/lesnidsdechlorofil\/wp-content\/uploads\/2025\/03\/pique-nique-300x200.jpg 300w, https:\/\/chloro-fil.fr\/lesnidsdechlorofil\/wp-content\/uploads\/2025\/03\/pique-nique-1024x683.jpg 1024w, https:\/\/chloro-fil.fr\/lesnidsdechlorofil\/wp-content\/uploads\/2025\/03\/pique-nique-768x512.jpg 768w, https:\/\/chloro-fil.fr\/lesnidsdechlorofil\/wp-content\/uploads\/2025\/03\/pique-nique-600x400.jpg 600w\" sizes=\"(max-width: 1500px) 100vw, 1500px\" \/><\/div><\/a>\n\t\t\t\t<div class=\"elementor-post__text\">\n\t\t\t\t<p class=\"elementor-post__title\">\n\t\t\t<a href=\"https:\/\/chloro-fil.fr\/lesnidsdechlorofil\/les-meilleurs-coins-pour-pique-niquer-en-foret-de-phalempin-au-mois-de-juin\/\" >\n\t\t\t\tLes meilleurs coins pour pique-niquer en for\u00eat de Phalempin au mois de juin\t\t\t<\/a>\n\t\t<\/p>\n\t\t\t\t<div class=\"elementor-post__excerpt\">\n\t\t\t<p>Les meilleurs coins pour pique-niquer en for\u00eat de Phalempin au<\/p>\n\t\t<\/div>\n\t\t\n\t\t<a class=\"elementor-post__read-more\" href=\"https:\/\/chloro-fil.fr\/lesnidsdechlorofil\/les-meilleurs-coins-pour-pique-niquer-en-foret-de-phalempin-au-mois-de-juin\/\" aria-label=\"Read more about Les meilleurs coins pour pique-niquer en for\u00eat de Phalempin au mois de juin\" tabindex=\"-1\" >\n\t\t\tLire plus\t\t<\/a>\n\n\t\t\t\t<\/div>\n\t\t\t\t<div class=\"elementor-post__meta-data\">\n\t\t\t\t\t<span class=\"elementor-post-date\">\n\t\t\t5 juin 2025\t\t<\/span>\n\t\t\t\t<\/div>\n\t\t\t\t\t<\/div>\n\t\t<\/article>\n\t\t\t\t<article class=\"elementor-post elementor-grid-item post-2947 post type-post status-publish format-standard has-post-thumbnail hentry category-non-classe\" role=\"listitem\">\n\t\t\t<div class=\"elementor-post__card\">\n\t\t\t\t<a class=\"elementor-post__thumbnail__link\" href=\"https:\/\/chloro-fil.fr\/lesnidsdechlorofil\/les-fleurs-et-plantes-a-admirer-en-foret-de-phalempin-au-mois-de-mai\/\" tabindex=\"-1\" ><div class=\"elementor-post__thumbnail\"><img decoding=\"async\" width=\"1500\" height=\"1000\" src=\"https:\/\/chloro-fil.fr\/lesnidsdechlorofil\/wp-content\/uploads\/2025\/03\/FLEURS.jpg\" class=\"attachment-full size-full wp-image-2948\" alt=\"fleurs\" srcset=\"https:\/\/chloro-fil.fr\/lesnidsdechlorofil\/wp-content\/uploads\/2025\/03\/FLEURS.jpg 1500w, https:\/\/chloro-fil.fr\/lesnidsdechlorofil\/wp-content\/uploads\/2025\/03\/FLEURS-300x200.jpg 300w, https:\/\/chloro-fil.fr\/lesnidsdechlorofil\/wp-content\/uploads\/2025\/03\/FLEURS-1024x683.jpg 1024w, https:\/\/chloro-fil.fr\/lesnidsdechlorofil\/wp-content\/uploads\/2025\/03\/FLEURS-768x512.jpg 768w, https:\/\/chloro-fil.fr\/lesnidsdechlorofil\/wp-content\/uploads\/2025\/03\/FLEURS-600x400.jpg 600w\" sizes=\"(max-width: 1500px) 100vw, 1500px\" \/><\/div><\/a>\n\t\t\t\t<div class=\"elementor-post__text\">\n\t\t\t\t<p class=\"elementor-post__title\">\n\t\t\t<a href=\"https:\/\/chloro-fil.fr\/lesnidsdechlorofil\/les-fleurs-et-plantes-a-admirer-en-foret-de-phalempin-au-mois-de-mai\/\" >\n\t\t\t\tLes fleurs et plantes \u00e0 admirer en for\u00eat de Phalempin au mois de mai\t\t\t<\/a>\n\t\t<\/p>\n\t\t\t\t<div class=\"elementor-post__excerpt\">\n\t\t\t<p>Les fleurs et plantes \u00e0 admirer en for\u00eat de Phalempin<\/p>\n\t\t<\/div>\n\t\t\n\t\t<a class=\"elementor-post__read-more\" href=\"https:\/\/chloro-fil.fr\/lesnidsdechlorofil\/les-fleurs-et-plantes-a-admirer-en-foret-de-phalempin-au-mois-de-mai\/\" aria-label=\"Read more about Les fleurs et plantes \u00e0 admirer en for\u00eat de Phalempin au mois de mai\" tabindex=\"-1\" >\n\t\t\tLire plus\t\t<\/a>\n\n\t\t\t\t<\/div>\n\t\t\t\t<div class=\"elementor-post__meta-data\">\n\t\t\t\t\t<span class=\"elementor-post-date\">\n\t\t\t5 mai 2025\t\t<\/span>\n\t\t\t\t<\/div>\n\t\t\t\t\t<\/div>\n\t\t<\/article>\n\t\t\t\t<article class=\"elementor-post elementor-grid-item post-2940 post type-post status-publish format-standard has-post-thumbnail hentry category-non-classe\" role=\"listitem\">\n\t\t\t<div class=\"elementor-post__card\">\n\t\t\t\t<a class=\"elementor-post__thumbnail__link\" href=\"https:\/\/chloro-fil.fr\/lesnidsdechlorofil\/des-paniers-gourmands-pour-une-experience-unique\/\" tabindex=\"-1\" ><div class=\"elementor-post__thumbnail\"><img loading=\"lazy\" decoding=\"async\" width=\"1500\" height=\"1000\" src=\"https:\/\/chloro-fil.fr\/lesnidsdechlorofil\/wp-content\/uploads\/2025\/03\/PANIER.jpg\" class=\"attachment-full size-full wp-image-2941\" alt=\"\" srcset=\"https:\/\/chloro-fil.fr\/lesnidsdechlorofil\/wp-content\/uploads\/2025\/03\/PANIER.jpg 1500w, https:\/\/chloro-fil.fr\/lesnidsdechlorofil\/wp-content\/uploads\/2025\/03\/PANIER-300x200.jpg 300w, https:\/\/chloro-fil.fr\/lesnidsdechlorofil\/wp-content\/uploads\/2025\/03\/PANIER-1024x683.jpg 1024w, https:\/\/chloro-fil.fr\/lesnidsdechlorofil\/wp-content\/uploads\/2025\/03\/PANIER-768x512.jpg 768w, https:\/\/chloro-fil.fr\/lesnidsdechlorofil\/wp-content\/uploads\/2025\/03\/PANIER-600x400.jpg 600w\" sizes=\"(max-width: 1500px) 100vw, 1500px\" \/><\/div><\/a>\n\t\t\t\t<div class=\"elementor-post__text\">\n\t\t\t\t<p class=\"elementor-post__title\">\n\t\t\t<a href=\"https:\/\/chloro-fil.fr\/lesnidsdechlorofil\/des-paniers-gourmands-pour-une-experience-unique\/\" >\n\t\t\t\tDes paniers gourmands pour une exp\u00e9rience unique\t\t\t<\/a>\n\t\t<\/p>\n\t\t\t\t<div class=\"elementor-post__excerpt\">\n\t\t\t<p>D\u00e9couvrez nos paniers gourmands pour une exp\u00e9rience unique dans nos<\/p>\n\t\t<\/div>\n\t\t\n\t\t<a class=\"elementor-post__read-more\" href=\"https:\/\/chloro-fil.fr\/lesnidsdechlorofil\/des-paniers-gourmands-pour-une-experience-unique\/\" aria-label=\"Read more about Des paniers gourmands pour une exp\u00e9rience unique\" tabindex=\"-1\" >\n\t\t\tLire plus\t\t<\/a>\n\n\t\t\t\t<\/div>\n\t\t\t\t<div class=\"elementor-post__meta-data\">\n\t\t\t\t\t<span class=\"elementor-post-date\">\n\t\t\t5 avril 2025\t\t<\/span>\n\t\t\t\t<\/div>\n\t\t\t\t\t<\/div>\n\t\t<\/article>\n\t\t\t\t<article class=\"elementor-post elementor-grid-item post-2932 post type-post status-publish format-standard has-post-thumbnail hentry category-non-classe\" role=\"listitem\">\n\t\t\t<div class=\"elementor-post__card\">\n\t\t\t\t<a class=\"elementor-post__thumbnail__link\" href=\"https:\/\/chloro-fil.fr\/lesnidsdechlorofil\/3-raisons-de-passer-une-soiree-insolite-dans-nos-cabanes-perchees\/\" tabindex=\"-1\" ><div class=\"elementor-post__thumbnail\"><img loading=\"lazy\" decoding=\"async\" width=\"1500\" height=\"1000\" src=\"https:\/\/chloro-fil.fr\/lesnidsdechlorofil\/wp-content\/uploads\/2025\/03\/NUIT-INSOLITE.jpg\" class=\"attachment-full size-full wp-image-2933\" alt=\"\" srcset=\"https:\/\/chloro-fil.fr\/lesnidsdechlorofil\/wp-content\/uploads\/2025\/03\/NUIT-INSOLITE.jpg 1500w, https:\/\/chloro-fil.fr\/lesnidsdechlorofil\/wp-content\/uploads\/2025\/03\/NUIT-INSOLITE-300x200.jpg 300w, https:\/\/chloro-fil.fr\/lesnidsdechlorofil\/wp-content\/uploads\/2025\/03\/NUIT-INSOLITE-1024x683.jpg 1024w, https:\/\/chloro-fil.fr\/lesnidsdechlorofil\/wp-content\/uploads\/2025\/03\/NUIT-INSOLITE-768x512.jpg 768w, https:\/\/chloro-fil.fr\/lesnidsdechlorofil\/wp-content\/uploads\/2025\/03\/NUIT-INSOLITE-600x400.jpg 600w\" sizes=\"(max-width: 1500px) 100vw, 1500px\" \/><\/div><\/a>\n\t\t\t\t<div class=\"elementor-post__text\">\n\t\t\t\t<p class=\"elementor-post__title\">\n\t\t\t<a href=\"https:\/\/chloro-fil.fr\/lesnidsdechlorofil\/3-raisons-de-passer-une-soiree-insolite-dans-nos-cabanes-perchees\/\" >\n\t\t\t\t3 Raisons de Passer une Soir\u00e9e Insolite dans Nos Cabanes Perch\u00e9es\t\t\t<\/a>\n\t\t<\/p>\n\t\t\t\t<div class=\"elementor-post__excerpt\">\n\t\t\t<p>3 Raisons de Passer une Soir\u00e9e Insolite dans Nos Cabanes<\/p>\n\t\t<\/div>\n\t\t\n\t\t<a class=\"elementor-post__read-more\" href=\"https:\/\/chloro-fil.fr\/lesnidsdechlorofil\/3-raisons-de-passer-une-soiree-insolite-dans-nos-cabanes-perchees\/\" aria-label=\"Read more about 3 Raisons de Passer une Soir\u00e9e Insolite dans Nos Cabanes Perch\u00e9es\" tabindex=\"-1\" >\n\t\t\tLire plus\t\t<\/a>\n\n\t\t\t\t<\/div>\n\t\t\t\t<div class=\"elementor-post__meta-data\">\n\t\t\t\t\t<span class=\"elementor-post-date\">\n\t\t\t19 mars 2025\t\t<\/span>\n\t\t\t\t<\/div>\n\t\t\t\t\t<\/div>\n\t\t<\/article>\n\t\t\t\t<article class=\"elementor-post elementor-grid-item post-2922 post type-post status-publish format-standard has-post-thumbnail hentry category-non-classe\" role=\"listitem\">\n\t\t\t<div class=\"elementor-post__card\">\n\t\t\t\t<a class=\"elementor-post__thumbnail__link\" href=\"https:\/\/chloro-fil.fr\/lesnidsdechlorofil\/les-bienfaits-de-la-deconnexion-en-pleine-nature\/\" tabindex=\"-1\" ><div class=\"elementor-post__thumbnail\"><img loading=\"lazy\" decoding=\"async\" width=\"1500\" height=\"1000\" src=\"https:\/\/chloro-fil.fr\/lesnidsdechlorofil\/wp-content\/uploads\/2025\/02\/deconexion-nature-accro-lille.jpg\" class=\"attachment-full size-full wp-image-2923\" alt=\"\" srcset=\"https:\/\/chloro-fil.fr\/lesnidsdechlorofil\/wp-content\/uploads\/2025\/02\/deconexion-nature-accro-lille.jpg 1500w, https:\/\/chloro-fil.fr\/lesnidsdechlorofil\/wp-content\/uploads\/2025\/02\/deconexion-nature-accro-lille-300x200.jpg 300w, https:\/\/chloro-fil.fr\/lesnidsdechlorofil\/wp-content\/uploads\/2025\/02\/deconexion-nature-accro-lille-1024x683.jpg 1024w, https:\/\/chloro-fil.fr\/lesnidsdechlorofil\/wp-content\/uploads\/2025\/02\/deconexion-nature-accro-lille-768x512.jpg 768w, https:\/\/chloro-fil.fr\/lesnidsdechlorofil\/wp-content\/uploads\/2025\/02\/deconexion-nature-accro-lille-600x400.jpg 600w\" sizes=\"(max-width: 1500px) 100vw, 1500px\" \/><\/div><\/a>\n\t\t\t\t<div class=\"elementor-post__text\">\n\t\t\t\t<p class=\"elementor-post__title\">\n\t\t\t<a href=\"https:\/\/chloro-fil.fr\/lesnidsdechlorofil\/les-bienfaits-de-la-deconnexion-en-pleine-nature\/\" >\n\t\t\t\tLes bienfaits de la d\u00e9connexion en pleine nature\t\t\t<\/a>\n\t\t<\/p>\n\t\t\t\t<div class=\"elementor-post__excerpt\">\n\t\t\t<p>Une bouff\u00e9e d&rsquo;air frais pour le corps et l&rsquo;esprit \ud83c\udf33<\/p>\n\t\t<\/div>\n\t\t\n\t\t<a class=\"elementor-post__read-more\" href=\"https:\/\/chloro-fil.fr\/lesnidsdechlorofil\/les-bienfaits-de-la-deconnexion-en-pleine-nature\/\" aria-label=\"Read more about Les bienfaits de la d\u00e9connexion en pleine nature\" tabindex=\"-1\" >\n\t\t\tLire plus\t\t<\/a>\n\n\t\t\t\t<\/div>\n\t\t\t\t<div class=\"elementor-post__meta-data\">\n\t\t\t\t\t<span class=\"elementor-post-date\">\n\t\t\t18 f\u00e9vrier 2025\t\t<\/span>\n\t\t\t\t<\/div>\n\t\t\t\t\t<\/div>\n\t\t<\/article>\n\t\t\t\t<\/div>\n\t\t\n\t\t\t\t<div class=\"e-load-more-anchor\" data-page=\"1\" data-max-page=\"10\" data-next-page=\"https:\/\/chloro-fil.fr\/lesnidsdechlorofil\/wp-json\/wp\/v2\/pages\/22\/page\/2\/\"><\/div>\n\t\t\t\t<nav class=\"elementor-pagination\" aria-label=\"Pagination\">\n\t\t\t<span aria-current=\"page\" class=\"page-numbers current\"><span class=\"elementor-screen-only\">Page<\/span>1<\/span>\n<a class=\"page-numbers\" href=\"https:\/\/chloro-fil.fr\/lesnidsdechlorofil\/wp-json\/wp\/v2\/pages\/22\/page\/2\/\"><span class=\"elementor-screen-only\">Page<\/span>2<\/a>\n<a class=\"page-numbers\" href=\"https:\/\/chloro-fil.fr\/lesnidsdechlorofil\/wp-json\/wp\/v2\/pages\/22\/page\/3\/\"><span class=\"elementor-screen-only\">Page<\/span>3<\/a>\n<a class=\"page-numbers\" href=\"https:\/\/chloro-fil.fr\/lesnidsdechlorofil\/wp-json\/wp\/v2\/pages\/22\/page\/4\/\"><span class=\"elementor-screen-only\">Page<\/span>4<\/a>\n<a class=\"page-numbers\" href=\"https:\/\/chloro-fil.fr\/lesnidsdechlorofil\/wp-json\/wp\/v2\/pages\/22\/page\/5\/\"><span class=\"elementor-screen-only\">Page<\/span>5<\/a>\n<a class=\"page-numbers\" href=\"https:\/\/chloro-fil.fr\/lesnidsdechlorofil\/wp-json\/wp\/v2\/pages\/22\/page\/6\/\"><span class=\"elementor-screen-only\">Page<\/span>6<\/a>\n<a class=\"page-numbers\" href=\"https:\/\/chloro-fil.fr\/lesnidsdechlorofil\/wp-json\/wp\/v2\/pages\/22\/page\/7\/\"><span class=\"elementor-screen-only\">Page<\/span>7<\/a>\n<a class=\"page-numbers\" href=\"https:\/\/chloro-fil.fr\/lesnidsdechlorofil\/wp-json\/wp\/v2\/pages\/22\/page\/8\/\"><span class=\"elementor-screen-only\">Page<\/span>8<\/a>\n<a class=\"page-numbers\" href=\"https:\/\/chloro-fil.fr\/lesnidsdechlorofil\/wp-json\/wp\/v2\/pages\/22\/page\/9\/\"><span class=\"elementor-screen-only\">Page<\/span>9<\/a>\n<a class=\"page-numbers\" href=\"https:\/\/chloro-fil.fr\/lesnidsdechlorofil\/wp-json\/wp\/v2\/pages\/22\/page\/10\/\"><span class=\"elementor-screen-only\">Page<\/span>10<\/a>\t\t<\/nav>\n\t\t\t\t\t\t<\/div>\n\t\t\t\t<\/div>\n\t\t\t\t\t<\/div>\n\t\t<\/div>\n\t\t\t\t\t<\/div>\n\t\t<\/section>\n\t\t\t\t<\/div>\n\t\t","protected":false},"excerpt":{"rendered":"<p>Quoi de neuf chez Les Nids de Chlorofil ? D\u00e9couvrez toute l&rsquo;actualit\u00e9 de vos cabanes perch\u00e9es. Les derniers changements, les nouveaut\u00e9s, les bons plans&#8230; c\u2019est par ici !<\/p>\n","protected":false},"author":1,"featured_media":737,"parent":0,"menu_order":0,"comment_status":"closed","ping_status":"closed","template":"","meta":{"_seopress_robots_primary_cat":"","_seopress_titles_title":"Toute l&#039;actualit\u00e9 des Nids de Chloro Fil \u00e0 Phalempin","_seopress_titles_desc":"Vous trouverez toute l\u2019actualit\u00e9 propos\u00e9e par les Nids de Chloro Fil, cabanes dans les arbres","_seopress_robots_index":"","footnotes":""},"class_list":["post-22","page","type-page","status-publish","has-post-thumbnail","hentry"],"jetpack_sharing_enabled":true,"_links":{"self":[{"href":"https:\/\/chloro-fil.fr\/lesnidsdechlorofil\/wp-json\/wp\/v2\/pages\/22","targetHints":{"allow":["GET"]}}],"collection":[{"href":"https:\/\/chloro-fil.fr\/lesnidsdechlorofil\/wp-json\/wp\/v2\/pages"}],"about":[{"href":"https:\/\/chloro-fil.fr\/lesnidsdechlorofil\/wp-json\/wp\/v2\/types\/page"}],"author":[{"embeddable":true,"href":"https:\/\/chloro-fil.fr\/lesnidsdechlorofil\/wp-json\/wp\/v2\/users\/1"}],"replies":[{"embeddable":true,"href":"https:\/\/chloro-fil.fr\/lesnidsdechlorofil\/wp-json\/wp\/v2\/comments?post=22"}],"version-history":[{"count":10,"href":"https:\/\/chloro-fil.fr\/lesnidsdechlorofil\/wp-json\/wp\/v2\/pages\/22\/revisions"}],"predecessor-version":[{"id":910,"href":"https:\/\/chloro-fil.fr\/lesnidsdechlorofil\/wp-json\/wp\/v2\/pages\/22\/revisions\/910"}],"wp:featuredmedia":[{"embeddable":true,"href":"https:\/\/chloro-fil.fr\/lesnidsdechlorofil\/wp-json\/wp\/v2\/media\/737"}],"wp:attachment":[{"href":"https:\/\/chloro-fil.fr\/lesnidsdechlorofil\/wp-json\/wp\/v2\/media?parent=22"}],"curies":[{"name":"wp","href":"https:\/\/api.w.org\/{rel}","templated":true}]}}